{"id":145,"date":"2025-04-02T17:20:22","date_gmt":"2025-04-02T15:20:22","guid":{"rendered":"https:\/\/ctbimmo.com\/charte-de-qualite\/"},"modified":"2025-04-21T16:37:34","modified_gmt":"2025-04-21T14:37:34","slug":"charte-de-qualite","status":"publish","type":"page","link":"https:\/\/ctbimmo.com\/de\/charte-de-qualite\/","title":{"rendered":"Qualit\u00e4ts-Charta"},"content":{"rendered":"<p>CTBImmo bietet und garantiert Ihnen:<\/p>\n<p>Eine gro\u00dfe Auswahl an Immobilien entlang der spanischen Mittelmeerk\u00fcste und im Hinterland;<br \/>Ein umfassender und pers\u00f6nlicher Service vom ersten Kontakt an;<br \/>Eine Begleitung und Beratung vor Ort w\u00e4hrend Ihrer Besichtigung der Immobilien;<br \/>Neue, moderne und qualitativ hochwertige Immobilien zu sehr wettbewerbsf\u00e4higen Preisen;<br \/>Ein sicherer, schneller und gesicherter Immobilienverkauf.<\/p>\n","protected":false},"excerpt":{"rendered":"<p>CTBImmo bietet und garantiert Ihnen: Eine gro\u00dfe Auswahl an Immobilien entlang der spanischen Mittelmeerk\u00fcste und im Hinterland;Ein umfassender und pers\u00f6nlicher Service vom ersten Kontakt an;Eine Begleitung und Beratung vor Ort w\u00e4hrend Ihrer Besichtigung der Immobilien;Neue, moderne und qualitativ hochwertige Immobilien zu sehr wettbewerbsf\u00e4higen Preisen;Ein sicherer, schneller und gesicherter Immobilienverkauf.<\/p>\n","protected":false},"author":1,"featured_media":0,"parent":0,"menu_order":0,"comment_status":"closed","ping_status":"closed","template":"","meta":{"_et_pb_use_builder":"off","_et_pb_old_content":"","_et_gb_content_width":"1080","footnotes":""},"class_list":["post-145","page","type-page","status-publish","hentry"],"_links":{"self":[{"href":"https:\/\/ctbimmo.com\/de\/wp-json\/wp\/v2\/pages\/145","targetHints":{"allow":["GET"]}}],"collection":[{"href":"https:\/\/ctbimmo.com\/de\/wp-json\/wp\/v2\/pages"}],"about":[{"href":"https:\/\/ctbimmo.com\/de\/wp-json\/wp\/v2\/types\/page"}],"author":[{"embeddable":true,"href":"https:\/\/ctbimmo.com\/de\/wp-json\/wp\/v2\/users\/1"}],"replies":[{"embeddable":true,"href":"https:\/\/ctbimmo.com\/de\/wp-json\/wp\/v2\/comments?post=145"}],"version-history":[{"count":2,"href":"https:\/\/ctbimmo.com\/de\/wp-json\/wp\/v2\/pages\/145\/revisions"}],"predecessor-version":[{"id":405,"href":"https:\/\/ctbimmo.com\/de\/wp-json\/wp\/v2\/pages\/145\/revisions\/405"}],"wp:attachment":[{"href":"https:\/\/ctbimmo.com\/de\/wp-json\/wp\/v2\/media?parent=145"}],"curies":[{"name":"wp","href":"https:\/\/api.w.org\/{rel}","templated":true}]}}