{"id":151,"date":"2025-04-02T17:18:58","date_gmt":"2025-04-02T15:18:58","guid":{"rendered":"https:\/\/ctbimmo.com\/faqs\/"},"modified":"2025-04-19T19:26:21","modified_gmt":"2025-04-19T17:26:21","slug":"faqs","status":"publish","type":"page","link":"https:\/\/ctbimmo.com\/de\/faqs\/","title":{"rendered":"FAQ&#8217;s"},"content":{"rendered":"<p>[et_pb_section fb_built=&#8220;1&#8243; theme_builder_area=&#8220;post_content&#8220; _builder_version=&#8220;4.27.4&#8243; _module_preset=&#8220;default&#8220;][et_pb_row _builder_version=&#8220;4.27.4&#8243; _module_preset=&#8220;default&#8220; theme_builder_area=&#8220;post_content&#8220;][et_pb_column _builder_version=&#8220;4.27.4&#8243; _module_preset=&#8220;default&#8220; type=&#8220;4_4&#8243; theme_builder_area=&#8220;post_content&#8220;][et_pb_text _builder_version=&#8220;4.27.4&#8243; _module_preset=&#8220;default&#8220; theme_builder_area=&#8220;post_content&#8220; hover_enabled=&#8220;0&#8243; sticky_enabled=&#8220;0&#8243;]<\/p>\n<div class=\"page-header\">\n<h2>Questions et r\u00e9ponses<\/h2>\n<\/div>\n<div>\n<p>Vous vous posez des questions sur l&#8217;apr\u00e8s achat tels que les frais \u00e9ventuels li\u00e9s \u00e0 l&#8217;achat d&#8217;un bien, ou encore les d\u00e9marches \u00e0 suivre pour vivre en Espagne? Vous \u00eates au bon endroit!<\/p>\n<p>Si l&#8217;information que vous recherchez n&#8217;est pas disponible, n&#8217;h\u00e9sitez pas \u00e0\u00a0<a href=\"https:\/\/ctbimmo.com\/contact\/nous-contacter.html?id=6\">nous contacter<\/a>\u00a0! Nous sommes avant tout l\u00e0 pour vous aider !<\/p>\n<\/div>\n<p>[\/et_pb_text][\/et_pb_column][\/et_pb_row][\/et_pb_section]<\/p>\n","protected":false},"excerpt":{"rendered":"<p>Questions et r\u00e9ponses Vous vous posez des questions sur l&#8217;apr\u00e8s achat tels que les frais \u00e9ventuels li\u00e9s \u00e0 l&#8217;achat d&#8217;un bien, ou encore les d\u00e9marches \u00e0 suivre pour vivre en Espagne? Vous \u00eates au bon endroit! Si l&#8217;information que vous recherchez n&#8217;est pas disponible, n&#8217;h\u00e9sitez pas \u00e0\u00a0nous contacter\u00a0! Nous sommes avant tout l\u00e0 pour vous [&hellip;]<\/p>\n","protected":false},"author":1,"featured_media":0,"parent":0,"menu_order":0,"comment_status":"closed","ping_status":"closed","template":"","meta":{"_et_pb_use_builder":"on","_et_pb_old_content":"<!-- wp:divi\/placeholder \/-->","_et_gb_content_width":"","footnotes":""},"class_list":["post-151","page","type-page","status-publish","hentry"],"_links":{"self":[{"href":"https:\/\/ctbimmo.com\/de\/wp-json\/wp\/v2\/pages\/151","targetHints":{"allow":["GET"]}}],"collection":[{"href":"https:\/\/ctbimmo.com\/de\/wp-json\/wp\/v2\/pages"}],"about":[{"href":"https:\/\/ctbimmo.com\/de\/wp-json\/wp\/v2\/types\/page"}],"author":[{"embeddable":true,"href":"https:\/\/ctbimmo.com\/de\/wp-json\/wp\/v2\/users\/1"}],"replies":[{"embeddable":true,"href":"https:\/\/ctbimmo.com\/de\/wp-json\/wp\/v2\/comments?post=151"}],"version-history":[{"count":1,"href":"https:\/\/ctbimmo.com\/de\/wp-json\/wp\/v2\/pages\/151\/revisions"}],"predecessor-version":[{"id":244,"href":"https:\/\/ctbimmo.com\/de\/wp-json\/wp\/v2\/pages\/151\/revisions\/244"}],"wp:attachment":[{"href":"https:\/\/ctbimmo.com\/de\/wp-json\/wp\/v2\/media?parent=151"}],"curies":[{"name":"wp","href":"https:\/\/api.w.org\/{rel}","templated":true}]}}