{"id":153,"date":"2025-04-02T17:17:07","date_gmt":"2025-04-02T15:17:07","guid":{"rendered":"https:\/\/ctbimmo.com\/financer-son-achat\/"},"modified":"2025-04-02T17:17:07","modified_gmt":"2025-04-02T15:17:07","slug":"financer-son-achat","status":"publish","type":"page","link":"https:\/\/ctbimmo.com\/de\/financer-son-achat\/","title":{"rendered":"Financer son achat"},"content":{"rendered":"\n<p>Sachant que vous \u00eates un client CTBImmo vous serez privil\u00e9gi\u00e9s ! En effet, nous avons cr\u00e9\u00e9 des diff\u00e9rents partenariats en Belgique et aussi en Espagne, qui vous accompagnerons dans la gestion de votre financement.<\/p>\n\n\n\n<p>En Espagne il est possible de financer votre achat \u00e0 concurrence de 70% Hors TVA&nbsp;<\/p>\n\n\n\n<p>Concernant les pr\u00eats immobiliers en Espagne, nous collaborons avec un courtier local francophone. Ce professionnel \u00e9value sans frais la viabilit\u00e9 de votre projet. Si l&#8217;op\u00e9ration s&#8217;av\u00e8re r\u00e9alisable, il constitue votre dossier et le soumet \u00e0 la banque offrant les meilleures conditions du march\u00e9. \u00c0 cette \u00e9tape, une participation financi\u00e8re sera per\u00e7ue pour ses services.<\/p>\n","protected":false},"excerpt":{"rendered":"<p>Sachant que vous \u00eates un client CTBImmo vous serez privil\u00e9gi\u00e9s ! En effet, nous avons cr\u00e9\u00e9 des diff\u00e9rents partenariats en Belgique et aussi en Espagne, qui vous accompagnerons dans la gestion de votre financement. En Espagne il est possible de financer votre achat \u00e0 concurrence de 70% Hors TVA&nbsp; Concernant les pr\u00eats immobiliers en Espagne, [&hellip;]<\/p>\n","protected":false},"author":1,"featured_media":0,"parent":0,"menu_order":0,"comment_status":"closed","ping_status":"closed","template":"","meta":{"_et_pb_use_builder":"off","_et_pb_old_content":"","_et_gb_content_width":"1080","footnotes":""},"class_list":["post-153","page","type-page","status-publish","hentry"],"_links":{"self":[{"href":"https:\/\/ctbimmo.com\/de\/wp-json\/wp\/v2\/pages\/153","targetHints":{"allow":["GET"]}}],"collection":[{"href":"https:\/\/ctbimmo.com\/de\/wp-json\/wp\/v2\/pages"}],"about":[{"href":"https:\/\/ctbimmo.com\/de\/wp-json\/wp\/v2\/types\/page"}],"author":[{"embeddable":true,"href":"https:\/\/ctbimmo.com\/de\/wp-json\/wp\/v2\/users\/1"}],"replies":[{"embeddable":true,"href":"https:\/\/ctbimmo.com\/de\/wp-json\/wp\/v2\/comments?post=153"}],"version-history":[{"count":0,"href":"https:\/\/ctbimmo.com\/de\/wp-json\/wp\/v2\/pages\/153\/revisions"}],"wp:attachment":[{"href":"https:\/\/ctbimmo.com\/de\/wp-json\/wp\/v2\/media?parent=153"}],"curies":[{"name":"wp","href":"https:\/\/api.w.org\/{rel}","templated":true}]}}