{"id":157,"date":"2025-04-02T17:47:40","date_gmt":"2025-04-02T15:47:40","guid":{"rendered":"https:\/\/ctbimmo.com\/pourquoi-investir-en-espagne\/"},"modified":"2025-06-03T17:10:28","modified_gmt":"2025-06-03T15:10:28","slug":"pourquoi-investir-en-espagne","status":"publish","type":"page","link":"https:\/\/ctbimmo.com\/de\/pourquoi-investir-en-espagne\/","title":{"rendered":"Warum in Spanien investieren"},"content":{"rendered":"<p data-start=\"60\" data-end=\"136\"><strong data-start=\"60\" data-end=\"136\">Warum in Spanien investieren \u2013 und ganz besonders an der Orihuela Costa?<\/strong><\/p>\n<p data-start=\"138\" data-end=\"427\">Spanien bleibt ein bevorzugtes Ziel f\u00fcr europ\u00e4ische Immobilieninvestoren. Dank seines sonnigen Klimas, der attraktiven Lebenshaltungskosten, moderner Infrastruktur und eines weiterhin zug\u00e4nglichen Immobilienmarktes bietet das Land ideale Bedingungen f\u00fcr private und rentable Investitionen.<\/p>\n<p data-start=\"429\" data-end=\"558\">Unter den beliebtesten Regionen sticht die <strong data-start=\"472\" data-end=\"490\">Orihuela Costa<\/strong> an der s\u00fcdlichen Costa Blanca besonders hervor \u2013 aus guten Gr\u00fcnden:<\/p>\n<p data-start=\"560\" data-end=\"805\">\ud83c\udf1e <strong data-start=\"563\" data-end=\"601\">Lebensqualit\u00e4t auf h\u00f6chstem Niveau<\/strong><br data-start=\"601\" data-end=\"604\" \/>Die Orihuela Costa genie\u00dft \u00fcber 300 Sonnentage im Jahr und ein ganzj\u00e4hrig angenehmes Klima. Mit ihren wundersch\u00f6nen Str\u00e4nden, Buchten und Promenaden entlang des Mittelmeers ist sie ein wahres Paradies.<\/p>\n<p data-start=\"807\" data-end=\"1096\">\ud83c\udfe1 <strong data-start=\"810\" data-end=\"865\">Ein dynamischer und erschwinglicher Immobilienmarkt<\/strong><br data-start=\"865\" data-end=\"868\" \/>Die Immobilienpreise sind im Vergleich zu anderen Regionen Spaniens oder Europas weiterhin attraktiv. Ob Ferienhaus, Mietobjekt oder langfristige Investition \u2013 Orihuela Costa bietet ein hervorragendes Preis-Leistungs-Verh\u00e4ltnis.<\/p>\n<p data-start=\"1098\" data-end=\"1306\">\ud83d\ude97 <strong data-start=\"1101\" data-end=\"1130\">Strategisch g\u00fcnstige Lage<\/strong><br data-start=\"1130\" data-end=\"1133\" \/>In der N\u00e4he der Flugh\u00e4fen Alicante und Murcia gelegen, ist die Region das ganze Jahr \u00fcber gut erreichbar. Auch die Stra\u00dfenanbindung und die Infrastruktur sind ausgezeichnet.<\/p>\n<p data-start=\"1308\" data-end=\"1564\">\ud83c\udfaf <strong data-start=\"1311\" data-end=\"1333\">Hohe Mietnachfrage<\/strong><br data-start=\"1333\" data-end=\"1336\" \/>Dank des Klimas, der Str\u00e4nde und zahlreicher Golfpl\u00e4tze zieht die Region viele Touristen und europ\u00e4ische Ruhest\u00e4ndler an \u2013 beste Voraussetzungen f\u00fcr eine konstant hohe Nachfrage nach Mietobjekten, insbesondere in der Hochsaison.<\/p>\n<p data-start=\"1566\" data-end=\"1794\">\ud83d\udecd\ufe0f <strong data-start=\"1570\" data-end=\"1597\">Alles vor Ort verf\u00fcgbar<\/strong><br data-start=\"1597\" data-end=\"1600\" \/>Einkaufszentren, Restaurants, Gesundheitsversorgung, internationale Schulen \u2013 an der Orihuela Costa findet man alle Annehmlichkeiten f\u00fcr ein komfortables Leben oder einen entspannten Aufenthalt.<\/p>\n","protected":false},"excerpt":{"rendered":"<p>Warum in Spanien investieren \u2013 und ganz besonders an der Orihuela Costa? Spanien bleibt ein bevorzugtes Ziel f\u00fcr europ\u00e4ische Immobilieninvestoren. Dank seines sonnigen Klimas, der attraktiven Lebenshaltungskosten, moderner Infrastruktur und eines weiterhin zug\u00e4nglichen Immobilienmarktes bietet das Land ideale Bedingungen f\u00fcr private und rentable Investitionen. Unter den beliebtesten Regionen sticht die Orihuela Costa an der s\u00fcdlichen [&hellip;]<\/p>\n","protected":false},"author":1,"featured_media":0,"parent":0,"menu_order":0,"comment_status":"closed","ping_status":"closed","template":"","meta":{"_et_pb_use_builder":"off","_et_pb_old_content":"","_et_gb_content_width":"","footnotes":""},"class_list":["post-157","page","type-page","status-publish","hentry"],"_links":{"self":[{"href":"https:\/\/ctbimmo.com\/de\/wp-json\/wp\/v2\/pages\/157","targetHints":{"allow":["GET"]}}],"collection":[{"href":"https:\/\/ctbimmo.com\/de\/wp-json\/wp\/v2\/pages"}],"about":[{"href":"https:\/\/ctbimmo.com\/de\/wp-json\/wp\/v2\/types\/page"}],"author":[{"embeddable":true,"href":"https:\/\/ctbimmo.com\/de\/wp-json\/wp\/v2\/users\/1"}],"replies":[{"embeddable":true,"href":"https:\/\/ctbimmo.com\/de\/wp-json\/wp\/v2\/comments?post=157"}],"version-history":[{"count":2,"href":"https:\/\/ctbimmo.com\/de\/wp-json\/wp\/v2\/pages\/157\/revisions"}],"predecessor-version":[{"id":1048,"href":"https:\/\/ctbimmo.com\/de\/wp-json\/wp\/v2\/pages\/157\/revisions\/1048"}],"wp:attachment":[{"href":"https:\/\/ctbimmo.com\/de\/wp-json\/wp\/v2\/media?parent=157"}],"curies":[{"name":"wp","href":"https:\/\/api.w.org\/{rel}","templated":true}]}}