{"id":159,"date":"2025-04-02T17:15:12","date_gmt":"2025-04-02T15:15:12","guid":{"rendered":"https:\/\/ctbimmo.com\/processus-dachat-dun-bien-immobilier-en-espagne\/"},"modified":"2025-04-02T17:15:12","modified_gmt":"2025-04-02T15:15:12","slug":"processus-dachat-dun-bien-immobilier-en-espagne","status":"publish","type":"page","link":"https:\/\/ctbimmo.com\/de\/processus-dachat-dun-bien-immobilier-en-espagne\/","title":{"rendered":"Processus d\u2019achat d\u2019un bien immobilier en Espagne"},"content":{"rendered":"\n<h3 class=\"wp-block-heading\">1. Signature du contrat d\u2019achat priv\u00e9 entre les 2 parties<\/h3>\n\n\n\n<p>Le signataire d\u00e9pend du type de bien&nbsp;:<br>&nbsp; &nbsp;&#8211; Nouvelle construction&nbsp;: le signataire est le constructeur&nbsp;;<br>&nbsp; &nbsp;&#8211; Revente&nbsp;: le signataire est l\u2019ancien propri\u00e9taire.<\/p>\n\n\n\n<h3 class=\"wp-block-heading\">2. Obtention d\u2019un num\u00e9ro NIE<\/h3>\n\n\n\n<p>Le num\u00e9ro NIE (N\u00famero de Identificaci\u00f3n de Extranjero\/ Num\u00e9ro d\u2019Identification des Etrangers) est un num\u00e9ro fiscal indispensable pour la signature de l\u2019acte authentique achat-vente. (La NIE serait l&#8217;\u00e9quivalent du num\u00e8ro nacional belge en version espagnol)<\/p>\n\n\n\n<p>Le NIE est tr\u00e8s facile \u00e0 obtenir.&nbsp;Il&nbsp;vous suffit de vous rendre en personne \u00e0&nbsp;l\u2019ambassade d\u2019Espagne \u00e0 Bruxelles avec les formulaires que nous allons vous fournir, muni de 10\u20ac. Dans les deux semaines, ils vous seront envoy\u00e9s par courriel.&nbsp;<\/p>\n\n\n\n<h3 class=\"wp-block-heading\">3. Signature de l\u2019acte authentique devant le notaire<\/h3>\n\n\n\n<p>Si vous ne pouvez \u00eatre pr\u00e9sent, vous pouvez nous donner une procuration l\u00e9gale au moyen d\u2019un acte notari\u00e9. Cette procuration est \u00e0 effectuer aupr\u00e8s de votre notaire belge. (Nous vous faciliterons la traduction en espagnol). Elle sera valide avec l&#8217;obtention de l&#8217;apostille &nbsp;de La Haye.<\/p>\n\n\n\n<h3 class=\"wp-block-heading\">4. Inscription de la propri\u00e9t\u00e9 au cadastre<\/h3>\n\n\n\n<p>Apr\u00e8s la signature, le notaire pr\u00e9sentera l&#8217;acte notari\u00e9 de propri\u00e9t\u00e9 au cadastre et enregistrement de l\u2019acte authentique (escritura). Elle est la partie la plus importante de la transaction.<\/p>\n\n\n\n<p><small>Remarque: Nous serons bien entendu pr\u00e9sent chez le notaire et vous fournirons au pr\u00e9alable une traduction en fran\u00e7ais.<\/small><\/p>\n","protected":false},"excerpt":{"rendered":"<p>1. Signature du contrat d\u2019achat priv\u00e9 entre les 2 parties Le signataire d\u00e9pend du type de bien&nbsp;:&nbsp; &nbsp;&#8211; Nouvelle construction&nbsp;: le signataire est le constructeur&nbsp;;&nbsp; &nbsp;&#8211; Revente&nbsp;: le signataire est l\u2019ancien propri\u00e9taire. 2. Obtention d\u2019un num\u00e9ro NIE Le num\u00e9ro NIE (N\u00famero de Identificaci\u00f3n de Extranjero\/ Num\u00e9ro d\u2019Identification des Etrangers) est un num\u00e9ro fiscal indispensable pour [&hellip;]<\/p>\n","protected":false},"author":1,"featured_media":0,"parent":0,"menu_order":0,"comment_status":"closed","ping_status":"closed","template":"","meta":{"_et_pb_use_builder":"off","_et_pb_old_content":"","_et_gb_content_width":"1080","footnotes":""},"class_list":["post-159","page","type-page","status-publish","hentry"],"_links":{"self":[{"href":"https:\/\/ctbimmo.com\/de\/wp-json\/wp\/v2\/pages\/159","targetHints":{"allow":["GET"]}}],"collection":[{"href":"https:\/\/ctbimmo.com\/de\/wp-json\/wp\/v2\/pages"}],"about":[{"href":"https:\/\/ctbimmo.com\/de\/wp-json\/wp\/v2\/types\/page"}],"author":[{"embeddable":true,"href":"https:\/\/ctbimmo.com\/de\/wp-json\/wp\/v2\/users\/1"}],"replies":[{"embeddable":true,"href":"https:\/\/ctbimmo.com\/de\/wp-json\/wp\/v2\/comments?post=159"}],"version-history":[{"count":0,"href":"https:\/\/ctbimmo.com\/de\/wp-json\/wp\/v2\/pages\/159\/revisions"}],"wp:attachment":[{"href":"https:\/\/ctbimmo.com\/de\/wp-json\/wp\/v2\/media?parent=159"}],"curies":[{"name":"wp","href":"https:\/\/api.w.org\/{rel}","templated":true}]}}