{"id":161,"date":"2025-04-02T17:19:58","date_gmt":"2025-04-02T15:19:58","guid":{"rendered":"https:\/\/ctbimmo.com\/services-offerts\/"},"modified":"2025-06-03T17:26:12","modified_gmt":"2025-06-03T15:26:12","slug":"services-offerts","status":"publish","type":"page","link":"https:\/\/ctbimmo.com\/de\/services-offerts\/","title":{"rendered":"Angebotene Dienste"},"content":{"rendered":"\r\n<h3 class=\"wp-block-heading\">Verkauf<\/h3>\r\n\r\n\r\n\r\n<p>CTBImmo begleitet und ber\u00e4t Sie in :<\/p>\r\n\r\n\r\n\r\n<ul class=\"wp-block-list\">\r\n<li>Die Suche nach der idealen Immobilie<\/li>\r\n\r\n\r\n\r\n<li>Ihre Besuche vor Ort<\/li>\r\n\r\n\r\n\r\n<li>Administrative Schritte<\/li>\r\n\r\n\r\n\r\n<li>Die Finanzierung<\/li>\r\n\r\n\r\n\r\n<li>Einrichtung und Annehmlichkeiten<\/li>\r\n<\/ul>\r\n\r\n\r\n\r\n<h3 class=\"wp-block-heading\">Vermietung<\/h3>\r\n\r\n\r\n\r\n<p>Neben der Begleitung beim Verkauf einer Immobilie in Spanien bietet CTBImmo Ihnen auch eine Betreuung an, falls Sie Ihre neue Immobilie in Spanien vermieten m\u00f6chten.<\/p>\r\n\r\n\r\n\r\n<h3 class=\"wp-block-heading\">Vor Ort<\/h3>\r\n\r\n\r\n\r\n<p>Dank unserer Pr\u00e4senz vor Ort bietet Ihnen die Immobilie auch die M\u00f6glichkeit, von ihrem Concierge-Service zu profitieren, der Folgendes umfasst:<\/p>\r\n\r\n\r\n\r\n<ul class=\"wp-block-list\">\r\n<li>Die Vorbereitung des Wohnheims vor Ihrer Ankunft<br \/>\r\n<ul class=\"wp-block-list\">\r\n<li>\u00d6ffnung und Bel\u00fcftung der Immobilie<\/li>\r\n\r\n\r\n\r\n<li>Reinigung<\/li>\r\n\r\n\r\n\r\n<li>Und andere besondere Anfragen<\/li>\r\n<\/ul>\r\n<\/li>\r\n\r\n\r\n\r\n<li>Die Pflege, Sicherheit und Instandhaltung der Immobilie (Garten, Pool etc.) ;<\/li>\r\n\r\n\r\n\r\n<li>Ein W\u00e4scheservice (Vorbereitung der Zimmer und B\u00e4der).<\/li>\r\n<\/ul>\r\n\r\n\r\n\r\n<h3 class=\"wp-block-heading\">Mehr<\/h3>\r\n\r\n\r\n\r\n<p>CTBImmo bietet auch einen Wiederverkaufsservice f\u00fcr Ihre Immobilie in Spanien an.<\/p>\r\n\r\n\r\n\r\n<h3 class=\"wp-block-heading\">Gesetzliche Verwaltung<\/h3>\r\n\r\n\r\n\r\n<p>Rechtliche Vertretung Kauf &amp; Verkauf<\/p>\r\n\r\n\r\n\r\n<p>Administrative Verwaltung<\/p>\r\n\r\n\r\n\r\n<p>Steuern &amp; Abgaben<\/p>\r\n\r\n\r\n\r\n<p>Testamente &amp; Nachl\u00e4sse<\/p>\r\n\r\n\r\n\r\n<p>NIE-Nummer &amp; Permi de r\u00e9sidence (Aufenthaltsgenehmigung)<\/p>\r\n\r\n\r\n\r\n<p>\u00dcbersetzungen &amp; vereidigte \u00dcbersetzungen<\/p>\r\n\r\n\r\n\r\n<p>Steuer f\u00fcr Nichtans\u00e4ssige<\/p>\r\n","protected":false},"excerpt":{"rendered":"<p>Verkauf CTBImmo begleitet und ber\u00e4t Sie in : Vermietung Neben der Begleitung beim Verkauf einer Immobilie in Spanien bietet CTBImmo Ihnen auch eine Betreuung an, falls Sie Ihre neue Immobilie in Spanien vermieten m\u00f6chten. Vor Ort Dank unserer Pr\u00e4senz vor Ort bietet Ihnen die Immobilie auch die M\u00f6glichkeit, von ihrem Concierge-Service zu profitieren, der Folgendes [&hellip;]<\/p>\n","protected":false},"author":1,"featured_media":0,"parent":0,"menu_order":0,"comment_status":"closed","ping_status":"closed","template":"","meta":{"_et_pb_use_builder":"off","_et_pb_old_content":"","_et_gb_content_width":"1080","footnotes":""},"class_list":["post-161","page","type-page","status-publish","hentry"],"_links":{"self":[{"href":"https:\/\/ctbimmo.com\/de\/wp-json\/wp\/v2\/pages\/161","targetHints":{"allow":["GET"]}}],"collection":[{"href":"https:\/\/ctbimmo.com\/de\/wp-json\/wp\/v2\/pages"}],"about":[{"href":"https:\/\/ctbimmo.com\/de\/wp-json\/wp\/v2\/types\/page"}],"author":[{"embeddable":true,"href":"https:\/\/ctbimmo.com\/de\/wp-json\/wp\/v2\/users\/1"}],"replies":[{"embeddable":true,"href":"https:\/\/ctbimmo.com\/de\/wp-json\/wp\/v2\/comments?post=161"}],"version-history":[{"count":3,"href":"https:\/\/ctbimmo.com\/de\/wp-json\/wp\/v2\/pages\/161\/revisions"}],"predecessor-version":[{"id":1053,"href":"https:\/\/ctbimmo.com\/de\/wp-json\/wp\/v2\/pages\/161\/revisions\/1053"}],"wp:attachment":[{"href":"https:\/\/ctbimmo.com\/de\/wp-json\/wp\/v2\/media?parent=161"}],"curies":[{"name":"wp","href":"https:\/\/api.w.org\/{rel}","templated":true}]}}