{"id":163,"date":"2025-04-02T17:24:58","date_gmt":"2025-04-02T15:24:58","guid":{"rendered":"https:\/\/ctbimmo.com\/temoignages\/"},"modified":"2025-04-02T17:24:58","modified_gmt":"2025-04-02T15:24:58","slug":"temoignages","status":"publish","type":"page","link":"https:\/\/ctbimmo.com\/de\/temoignages\/","title":{"rendered":"T\u00e9moignages"},"content":{"rendered":"<p>[et_pb_section fb_built=&#8220;1&#8243; theme_builder_area=&#8220;post_content&#8220; _builder_version=&#8220;4.27.4&#8243; _module_preset=&#8220;default&#8220;][et_pb_row _builder_version=&#8220;4.27.4&#8243; _module_preset=&#8220;default&#8220; theme_builder_area=&#8220;post_content&#8220;][et_pb_column _builder_version=&#8220;4.27.4&#8243; _module_preset=&#8220;default&#8220; type=&#8220;4_4&#8243; theme_builder_area=&#8220;post_content&#8220;][et_pb_testimonial author=&#8220;Brigitte et Philippe &#8211; Jalhay&#8220; _builder_version=&#8220;4.27.4&#8243; _module_preset=&#8220;default&#8220; theme_builder_area=&#8220;post_content&#8220; hover_enabled=&#8220;0&#8243; sticky_enabled=&#8220;0&#8243;]<\/p>\n<div>Brigitte et moi avons fait la rencontre de Pierre par l&#8217;entremise d&#8217;un ami proche qui avait d\u00e9j\u00e0 achet\u00e9 une villa dans le domaine VistaBella o\u00f9 nous \u00e9tions de temps \u00e0 autres en vacances.\u00a0 Nous connaissions donc un peu les environs et l&#8217;ambiance chaleureuse qui y r\u00e9gnait. Quand nous avons appris qu&#8217;il y\u00a0 avait la possibilit\u00e9\u00a0d&#8217;y investir en achetant un appartement alors que nos fonds pr\u00e9vu \u00e0 cette occasion y \u00e9tait, l&#8217;opportunit\u00e9 ne nous a pas \u00e9chapp\u00e9.<\/div>\n<div>Contactant Pierre dans les plus brefs d\u00e9lais, nous nous sommes retrouv\u00e9s face \u00e0 un grand professionnel de l&#8217;immobilier.\u00a0 Gentillesse, disponibilit\u00e9, sachant de quoi il parle, et d\u00e9fendant toujours nos int\u00e9r\u00eats si besoin il\u00a0 y a.<\/div>\n<div>Que demandez de plus pour notre bonheur et tous ceux qui viendront passer de superbes vacances dans ce petit coin ensoleill\u00e9 o\u00f9 le bien vivre n&#8217;est pas vain mot.<\/div>\n<div>Merci Monsieur Soleil.\u00a0\ud83c\udf1e\ud83c\udf1e\ud83c\udf1e<\/div>\n<p>[\/et_pb_testimonial][et_pb_testimonial author=&#8220;Pierre et Nathalie &#8211; Mouscron&#8220; _builder_version=&#8220;4.27.4&#8243; _module_preset=&#8220;default&#8220; theme_builder_area=&#8220;post_content&#8220; hover_enabled=&#8220;0&#8243; sticky_enabled=&#8220;0&#8243;]<\/p>\n<p>Nous avons tous en t\u00eate, le r\u00eave d\u2019avoir notre petit coin de soleil.<\/p>\n<p>Le Moment \u00e9tant venu, apr\u00e8s comparaison et r\u00e9flexion, nous sommes partis avec la soci\u00e9t\u00e9 CTB Immo et particuli\u00e8rement avec Pierre Depireux.<\/p>\n<p>Nous avons \u00e9t\u00e9 accompagn\u00e9s depuis le d\u00e9but du projet, jusqu\u2019\u00e0 la remise des clefs de notre petit paradis.<\/p>\n<p>Etants expatri\u00e9s comme beaucoup de nos compatriotes, il est important qu\u2019une personne sur place, ici en Espagne, soit le guide de vos aventures.<\/p>\n<p>Gr\u00e2ce \u00e0 CTB Immo, notre r\u00eave est devenu r\u00e9alit\u00e9 pour le choix du lieu, du type de bien immo, le conseil et l\u2019accompagnement juridique, le conseil pour les entrepreneurs locaux (sans obligation)<\/p>\n<p>Et bien d\u2019autres petites aides plus anecdotiques mais bien utiles\u2026..<\/p>\n<p>Nous ne le remercierons jamais assez d\u2019avoir \u00e9t\u00e9 l\u00e0 dans tous ces moments\u2026. Et m\u00eame apr\u00e8s<\/p>\n<p>[\/et_pb_testimonial][et_pb_testimonial author=&#8220;Marie et Damien &#8211; Corbais&#8220; _builder_version=&#8220;4.27.4&#8243; _module_preset=&#8220;default&#8220; theme_builder_area=&#8220;post_content&#8220; hover_enabled=&#8220;0&#8243; sticky_enabled=&#8220;0&#8243;]<\/p>\n<p>Nous avons achet\u00e9 un appartement avec Monsieur Pierre Depireux (CTBImmo)il y a quatre ans dans le domaine de Vista BELLA golf.<br \/>Ce que nous avons appr\u00e9ci\u00e9 chez lui ce sont ses conseils et sa disponibilit\u00e9.<br \/>Il n\u2019a pas fait que nous vendre un bien, mais nous a accompagn\u00e9 tout au long des d\u00e9marches pour l\u2019achat de celui-ci, et apr\u00e8s 4 ans il est toujours pr\u00e9sent et disponible pour la gestion administrative.<br \/>On peut donc compter sur lui, \u00e0 tout moment, en cas de soucis ou besoin.<br \/>Certains vous promettre la lune, mais Pierre vous promets le soleil \ud83d\ude0a\ud83d\ude0a\ud83d\ude0a<\/p>\n<p>[\/et_pb_testimonial][\/et_pb_column][\/et_pb_row][\/et_pb_section]<\/p>\n","protected":false},"excerpt":{"rendered":"<p>Brigitte et moi avons fait la rencontre de Pierre par l&#8217;entremise d&#8217;un ami proche qui avait d\u00e9j\u00e0 achet\u00e9 une villa dans le domaine VistaBella o\u00f9 nous \u00e9tions de temps \u00e0 autres en vacances.\u00a0 Nous connaissions donc un peu les environs et l&#8217;ambiance chaleureuse qui y r\u00e9gnait. Quand nous avons appris qu&#8217;il y\u00a0 avait la possibilit\u00e9\u00a0d&#8217;y [&hellip;]<\/p>\n","protected":false},"author":1,"featured_media":0,"parent":0,"menu_order":0,"comment_status":"closed","ping_status":"closed","template":"","meta":{"_et_pb_use_builder":"on","_et_pb_old_content":"","_et_gb_content_width":"","footnotes":""},"class_list":["post-163","page","type-page","status-publish","hentry"],"_links":{"self":[{"href":"https:\/\/ctbimmo.com\/de\/wp-json\/wp\/v2\/pages\/163","targetHints":{"allow":["GET"]}}],"collection":[{"href":"https:\/\/ctbimmo.com\/de\/wp-json\/wp\/v2\/pages"}],"about":[{"href":"https:\/\/ctbimmo.com\/de\/wp-json\/wp\/v2\/types\/page"}],"author":[{"embeddable":true,"href":"https:\/\/ctbimmo.com\/de\/wp-json\/wp\/v2\/users\/1"}],"replies":[{"embeddable":true,"href":"https:\/\/ctbimmo.com\/de\/wp-json\/wp\/v2\/comments?post=163"}],"version-history":[{"count":0,"href":"https:\/\/ctbimmo.com\/de\/wp-json\/wp\/v2\/pages\/163\/revisions"}],"wp:attachment":[{"href":"https:\/\/ctbimmo.com\/de\/wp-json\/wp\/v2\/media?parent=163"}],"curies":[{"name":"wp","href":"https:\/\/api.w.org\/{rel}","templated":true}]}}