{"id":165,"date":"2025-04-02T17:16:35","date_gmt":"2025-04-02T15:16:35","guid":{"rendered":"https:\/\/ctbimmo.com\/visite-des-biens\/"},"modified":"2025-04-02T17:16:35","modified_gmt":"2025-04-02T15:16:35","slug":"visite-des-biens","status":"publish","type":"page","link":"https:\/\/ctbimmo.com\/de\/visite-des-biens\/","title":{"rendered":"Visite des biens"},"content":{"rendered":"\n<p><strong>D\u00e9couvrez l&#8217;Espagne avec CTBImmo :<\/strong><\/p>\n\n\n\n<p>Une exp\u00e9rience immobili\u00e8re sans tracas En arrivant \u00e0 l&#8217;a\u00e9roport d&#8217;Alicante, nous vous attendrons, pr\u00eats \u00e0 vous accompagner dans la recherche de votre bien id\u00e9al. Voici ce que nous avons pr\u00e9vu pour vous :<\/p>\n\n\n\n<p>Nous vous transf\u00e9rons avec soin \u00e0 l&#8217;h\u00f4tel Do\u00f1a Mons\u00e9, o\u00f9 vous b\u00e9n\u00e9ficierez d&#8217;une r\u00e9duction exclusive de 10% gr\u00e2ce \u00e0 notre partenariat.<\/p>\n\n\n\n<p>Ensuite, nous partirons \u00e0 la d\u00e9couverte de diverses propri\u00e9t\u00e9s &#8211; appartements et\/ou maisons &#8211; soigneusement s\u00e9lectionn\u00e9es en fonction de votre budget et de vos crit\u00e8res, que nous aurons d\u00e9finis ensemble au pr\u00e9alable.<\/p>\n\n\n\n<p>Nous attachons une grande importance \u00e0 la localisation de chaque bien par rapport aux commerces, restaurants, centres commerciaux et centres hospitaliers. Ensemble, nous explorerons votre futur &#8222;chez-vous&#8220;.<\/p>\n\n\n\n<p>Pour mieux&nbsp;nous&nbsp;conna\u00eetre, nous partagerons un bon repas tout en vous initiant aux traditions locales et en r\u00e9pondant \u00e0 toutes vos questions. Cela fait partie int\u00e9grante de notre programme.<\/p>\n\n\n\n<p>Suivant votre&nbsp;coup de c\u0153ur, nous r\u00e9serverons imm\u00e9diatement le bien pour vous. Cette r\u00e9servation sera formalis\u00e9e par un document confirmant votre int\u00e9r\u00eat d&#8217;achat et sera accompagn\u00e9e d&#8217;un acompte de 6 000 \u20ac. \u00c0 ce stade, la propri\u00e9t\u00e9 sera retir\u00e9e du march\u00e9 et nous lancerons la r\u00e9daction du compromis d&#8217;achat. Vous devrez ensuite effectuer un virement bancaire correspondant \u00e0 40% du montant de la vente sur le compte du promoteur. Cette somme sera s\u00e9curis\u00e9e jusqu&#8217;\u00e0 la remise des cl\u00e9s et la signature de l&#8217;acte d\u00e9finitif chez le notaire, o\u00f9 le solde sera r\u00e9gl\u00e9.<\/p>\n\n\n\n<p>\u00c0 la remise des cl\u00e9s, notre service ne s&#8217;arr\u00eate pas l\u00e0. Nous resterons sur place entre 3 et 5 jours pour vous aider \u00e0 vous installer, vous accompagner dans l&#8217;achat de vos meubles, installer vos luminaires, et bien plus encore. Nous offrons un vrai service, ce qui nous distingue de nos concurrents ! Que vous soyez r\u00e9sident ou futur r\u00e9sident, nous prenons en&nbsp;main&nbsp;TOUT pour vous. Bien que deux jours suffisent pour visiter les biens, vous pouvez bien s\u00fbr prolonger votre s\u00e9jour et profiter de la r\u00e9gion autant que&nbsp;vous le souhaitez.<\/p>\n\n\n\n<p>Hotel Do\u00f1a Monse****<\/p>\n\n\n\n<p><img loading=\"lazy\" decoding=\"async\" src=\"https:\/\/ctbimmo.com\/images\/torrevieja\/Visite_des_biens_hotel\/Hotel_Torrevieja.jpg\" alt=\"Hotel Torrevieja\" width=\"289\" height=\"192\"><br>\u202aAvenida Orihuela Bal, 75\u202c\u202c\u202c\u202c\u202c\u202c\u202c\u202c\u202c\u202c<br>\u202a03180 Torrevieja\u202c\u202c\u202c\u202c\u202c\u202c\u202c\u202c\u202c<\/p>\n\n\n\n<p>\u202aTel : (+34) 966 79 86 65\u202c\u202c\u202c\u202c\u202c\u202c\u202c\u202c\u202c\u202c<br><a href=\"http:\/\/www.hotelmonse.com\/\">Site internet<\/a><\/p>\n\n\n\n<p>Deux jours sont suffisants, mais libre \u00e0 vous de rester plus longtemps sur place pour profiter de la r\u00e9gion !<\/p>\n","protected":false},"excerpt":{"rendered":"<p>D\u00e9couvrez l&#8217;Espagne avec CTBImmo : Une exp\u00e9rience immobili\u00e8re sans tracas En arrivant \u00e0 l&#8217;a\u00e9roport d&#8217;Alicante, nous vous attendrons, pr\u00eats \u00e0 vous accompagner dans la recherche de votre bien id\u00e9al. Voici ce que nous avons pr\u00e9vu pour vous : Nous vous transf\u00e9rons avec soin \u00e0 l&#8217;h\u00f4tel Do\u00f1a Mons\u00e9, o\u00f9 vous b\u00e9n\u00e9ficierez d&#8217;une r\u00e9duction exclusive de 10% [&hellip;]<\/p>\n","protected":false},"author":1,"featured_media":0,"parent":0,"menu_order":0,"comment_status":"closed","ping_status":"closed","template":"","meta":{"_et_pb_use_builder":"off","_et_pb_old_content":"","_et_gb_content_width":"1080","footnotes":""},"class_list":["post-165","page","type-page","status-publish","hentry"],"_links":{"self":[{"href":"https:\/\/ctbimmo.com\/de\/wp-json\/wp\/v2\/pages\/165","targetHints":{"allow":["GET"]}}],"collection":[{"href":"https:\/\/ctbimmo.com\/de\/wp-json\/wp\/v2\/pages"}],"about":[{"href":"https:\/\/ctbimmo.com\/de\/wp-json\/wp\/v2\/types\/page"}],"author":[{"embeddable":true,"href":"https:\/\/ctbimmo.com\/de\/wp-json\/wp\/v2\/users\/1"}],"replies":[{"embeddable":true,"href":"https:\/\/ctbimmo.com\/de\/wp-json\/wp\/v2\/comments?post=165"}],"version-history":[{"count":0,"href":"https:\/\/ctbimmo.com\/de\/wp-json\/wp\/v2\/pages\/165\/revisions"}],"wp:attachment":[{"href":"https:\/\/ctbimmo.com\/de\/wp-json\/wp\/v2\/media?parent=165"}],"curies":[{"name":"wp","href":"https:\/\/api.w.org\/{rel}","templated":true}]}}