{"id":215,"date":"2025-04-19T19:11:18","date_gmt":"2025-04-19T17:11:18","guid":{"rendered":"https:\/\/ctbimmo.com\/qui-sommes-nous\/"},"modified":"2025-04-21T11:14:55","modified_gmt":"2025-04-21T09:14:55","slug":"qui-sommes-nous","status":"publish","type":"page","link":"https:\/\/ctbimmo.com\/de\/qui-sommes-nous\/","title":{"rendered":"Wer sind wir?"},"content":{"rendered":"<h1>Pierre Depireux<\/h1>\n<p>&nbsp;<\/p>\n<p><img loading=\"lazy\" decoding=\"async\" class=\"alignnone size-medium wp-image-354\" src=\"https:\/\/ctbimmo.com\/wp-content\/uploads\/2025\/04\/pierre2-225x300.jpg\" alt=\"\" width=\"225\" height=\"300\" srcset=\"https:\/\/ctbimmo.com\/wp-content\/uploads\/2025\/04\/pierre2-225x300.jpg 225w, https:\/\/ctbimmo.com\/wp-content\/uploads\/2025\/04\/pierre2.jpg 266w\" sizes=\"(max-width: 225px) 100vw, 225px\" \/><\/p>\n<h2>beruflicher Werdegang<\/h2>\n<h3>Pierre Depireux, Immobilienexperte Belgien-Spanien<\/h3>\n<p>Mit 23 Jahren habe ich den gro\u00dfen Schritt nach Katalonien gewagt. Von Belgien nach Spanien zu ziehen, war eine nat\u00fcrliche Entscheidung, die durch das ideale mediterrane Klima erleichtert wurde. Als leidenschaftlicher Bauherr realisierte ich mein eigenes Immobilienprojekt, indem ich jedes Material und jede Bautechnik pers\u00f6nlich ausw\u00e4hlte.<\/p>\n<p>Mein Fachwissen erwarb ich, indem ich belgische Unternehmen bei ihrer Expansion auf dem spanischen Markt begleitete. Dank dieser doppelten Kultur konnte ich die klassischen Fallstricke erkennen, die auf belgische Unternehmen warten, wenn sie Spanien mit ihren \u00fcblichen Methoden angehen.<\/p>\n<p>Parallel dazu hat mich meine Leidenschaft f\u00fcr Autos dazu gebracht, eine Aktivit\u00e4t zu entwickeln, die auf den Import, die Restaurierung und den Verkauf von Sammler- und Prestigefahrzeugen f\u00fcr eine Kundschaft von Kennern spezialisiert ist.<\/p>\n<p>Die Wende im Immobilienbereich kam 2011, als ein befreundeter Bautr\u00e4ger und Immobilienmakler in Namur mich bat, auf die steigende Nachfrage von Belgiern zu reagieren, die sich f\u00fcr die spanische K\u00fcste interessierten.<\/p>\n<p>Nach dem Erfolg dieser ersten Transaktionen habe ich CTBImmo gegr\u00fcndet, eine Struktur, die sich der Beratung, Begleitung und Verwaltung von Immobilien in Spanien widmet. Unsere Philosophie \u201eWeit weg von dir, aber nah an meinen Augen\u201c hallt besonders bei unseren internationalen Kunden nach. Vor etwa f\u00fcnf Jahren kam meine Lebensgef\u00e4hrtin dazu, und wir haben ein umfassendes Angebot entwickelt, das auch die vollst\u00e4ndige Mietverwaltung umfasst und Transparenz und eine Optimierung der Rentabilit\u00e4t Ihrer Investition garantiert.<\/p>\n<p>Mein pers\u00f6nlicher Werdegang zeugt von meiner \u00dcberzeugung: Ich habe diese Wahl vor \u00fcber 37 Jahren getroffen und sie nie bereut. Der spanische Immobilienmarkt ist voll von au\u00dfergew\u00f6hnlichen M\u00f6glichkeiten. Kontaktieren Sie uns unverbindlich, um herauszufinden, wie Sie Ihr mediterranes Projekt in die Tat umsetzen k\u00f6nnen.<\/p>\n<p>Zu Ihrer Verf\u00fcgung,<\/p>\n<p>Pierre<\/p>\n<p>&nbsp;<\/p>\n","protected":false},"excerpt":{"rendered":"<p>Pierre Depireux &nbsp; beruflicher Werdegang Pierre Depireux, Immobilienexperte Belgien-Spanien Mit 23 Jahren habe ich den gro\u00dfen Schritt nach Katalonien gewagt. Von Belgien nach Spanien zu ziehen, war eine nat\u00fcrliche Entscheidung, die durch das ideale mediterrane Klima erleichtert wurde. Als leidenschaftlicher Bauherr realisierte ich mein eigenes Immobilienprojekt, indem ich jedes Material und jede Bautechnik pers\u00f6nlich ausw\u00e4hlte. [&hellip;]<\/p>\n","protected":false},"author":2,"featured_media":0,"parent":0,"menu_order":0,"comment_status":"closed","ping_status":"closed","template":"","meta":{"_et_pb_use_builder":"off","_et_pb_old_content":"","_et_gb_content_width":"","footnotes":""},"class_list":["post-215","page","type-page","status-publish","hentry"],"_links":{"self":[{"href":"https:\/\/ctbimmo.com\/de\/wp-json\/wp\/v2\/pages\/215","targetHints":{"allow":["GET"]}}],"collection":[{"href":"https:\/\/ctbimmo.com\/de\/wp-json\/wp\/v2\/pages"}],"about":[{"href":"https:\/\/ctbimmo.com\/de\/wp-json\/wp\/v2\/types\/page"}],"author":[{"embeddable":true,"href":"https:\/\/ctbimmo.com\/de\/wp-json\/wp\/v2\/users\/2"}],"replies":[{"embeddable":true,"href":"https:\/\/ctbimmo.com\/de\/wp-json\/wp\/v2\/comments?post=215"}],"version-history":[{"count":10,"href":"https:\/\/ctbimmo.com\/de\/wp-json\/wp\/v2\/pages\/215\/revisions"}],"predecessor-version":[{"id":368,"href":"https:\/\/ctbimmo.com\/de\/wp-json\/wp\/v2\/pages\/215\/revisions\/368"}],"wp:attachment":[{"href":"https:\/\/ctbimmo.com\/de\/wp-json\/wp\/v2\/media?parent=215"}],"curies":[{"name":"wp","href":"https:\/\/api.w.org\/{rel}","templated":true}]}}