{"id":267,"date":"2025-04-19T19:27:47","date_gmt":"2025-04-19T17:27:47","guid":{"rendered":"https:\/\/ctbimmo.com\/faqs\/quels-sont-les-frais-et-impots-lies-a-lachat\/"},"modified":"2025-05-26T16:55:14","modified_gmt":"2025-05-26T14:55:14","slug":"welche-kosten-und-steuern","status":"publish","type":"page","link":"https:\/\/ctbimmo.com\/de\/faqs\/welche-kosten-und-steuern\/","title":{"rendered":"Welche Kosten und Steuern sind mit dem Kauf verbunden?"},"content":{"rendered":"<p>Die Geb\u00fchren und Steuern, die beim Kauf Ihrer Immobilie in Spanien zu zahlen sind, belaufen sich in der Regel auf 10% des Kaufpreises Ihrer Immobilie. Sie sind wie folgt:<\/p>\n<p>&#8211; Grunderwerbssteuer: Die Grunderwerbssteuer (Impuesto de Transmisiones Patrimoniales\/ITP) betr\u00e4gt je nach Region einen unterschiedlichen Prozentsatz und gilt nur f\u00fcr Wiederverk\u00e4ufe. In der Region Valencia betr\u00e4gt sie 7% des Immobilienwerts.<\/p>\n<p>&#8211; Mehrwertsteuer: Eine Mehrwertsteuer (Impuesto sobre el Valor A\u00f1adido\/IVA) in H\u00f6he von 10% ist nur auf neue Immobilien zu zahlen.<\/p>\n<p>&#8211; Eine Steuer auf juristische Dokumente (Impuesto sobre Actos Jur\u00eddicos Documentados\/AJD) in H\u00f6he von 1% wird ebenfalls nur f\u00fcr neue Immobilien erhoben.<\/p>\n<p>&#8211; Die Steuer Impuesto Municipal sobre el Incremento del Valor de los Terrenos\/plus val\u00eda ist eine Steuer, die auf der Wertsteigerung des Grundst\u00fccks ab dem Zeitpunkt des Erwerbs der Immobilie durch den Eigent\u00fcmer und dem Zeitpunkt des Verkaufs basiert. Der Wert von Geb\u00e4uden hat keinen Einfluss auf die Steuer und die H\u00f6he h\u00e4ngt von Kriterien wie der Bev\u00f6lkerungszahl der Gemeinde und der Anzahl der Jahre, in denen der Verk\u00e4ufer Eigent\u00fcmer war, ab. Achten Sie darauf, dass die Steuer vom Verk\u00e4ufer zu tragen ist.- Rechtskosten: Die Rechtskosten liegen in der Regel zwischen 1 und 1,5 % des Kaufpreises. Sie m\u00fcssen vorher schriftlich genehmigt werden und sind erst nach Erhalt der endg\u00fcltigen escritura p\u00fablica nach der Eintragung der \u00f6ffentlichen Urkunde zu zahlen. Sie beinhalten auch die Geb\u00fchren f\u00fcr den spanischen Notar (notario) und die Registrierungsgeb\u00fchr (ca. 500\u20ac).<\/p>\n<p>Alle oben genannten Kosten unterliegen einer Vorauszahlung, die Sie als Sicherheit beim Notar hinterlegen. Der \u00fcbersch\u00fcssige Betrag wird Ihnen selbstverst\u00e4ndlich zur\u00fcckerstattet.- J\u00e4hrliche Geb\u00fchren:<br \/>\no Die Grundsteuer (Impuesto sobre Bienes Inmeubles\/IBI): variiert je nach Region zwischen 0,4% und 1,30% des Wertes der Immobilie.<br \/>\no Die Gemeindesteuern (Las Tasas): Geb\u00fchren f\u00fcr Hausm\u00fcll, Abwasser usw. Sie belaufen sich auf einige hundert Euro\/Jahr.<br \/>\no Die Einkommenssteuer (Impuesto sobre la Renta de las Personas F\u00edsicas\/IRPF) variiert, ob Sie einen Aufenthaltsstatus haben (mehr als 183 Tage in Spanien) oder nicht.<br \/>\no Als Ausl\u00e4nder ohne Aufenthaltstitel m\u00fcssen Sie die Verm\u00f6genssteuer (Impuesto extraordinario sobre el Patrimonio\/IP) zahlen, deren Steuers\u00e4tze bei 0,2% beginnen.<br \/>\no Nebenkosten: Sie m\u00fcssen schlie\u00dflich Nebenkosten wie Wasser, Strom usw. bezahlen.<\/p>\n<p>&nbsp;<\/p>\n<p>&nbsp;<\/p>\n","protected":false},"excerpt":{"rendered":"<p>Die Geb\u00fchren und Steuern, die beim Kauf Ihrer Immobilie in Spanien zu zahlen sind, belaufen sich in der Regel auf 10% des Kaufpreises Ihrer Immobilie. Sie sind wie folgt: &#8211; Grunderwerbssteuer: Die Grunderwerbssteuer (Impuesto de Transmisiones Patrimoniales\/ITP) betr\u00e4gt je nach Region einen unterschiedlichen Prozentsatz und gilt nur f\u00fcr Wiederverk\u00e4ufe. In der Region Valencia betr\u00e4gt sie [&hellip;]<\/p>\n","protected":false},"author":2,"featured_media":0,"parent":151,"menu_order":0,"comment_status":"closed","ping_status":"closed","template":"","meta":{"_et_pb_use_builder":"","_et_pb_old_content":"","_et_gb_content_width":"","footnotes":""},"class_list":["post-267","page","type-page","status-publish","hentry"],"_links":{"self":[{"href":"https:\/\/ctbimmo.com\/de\/wp-json\/wp\/v2\/pages\/267","targetHints":{"allow":["GET"]}}],"collection":[{"href":"https:\/\/ctbimmo.com\/de\/wp-json\/wp\/v2\/pages"}],"about":[{"href":"https:\/\/ctbimmo.com\/de\/wp-json\/wp\/v2\/types\/page"}],"author":[{"embeddable":true,"href":"https:\/\/ctbimmo.com\/de\/wp-json\/wp\/v2\/users\/2"}],"replies":[{"embeddable":true,"href":"https:\/\/ctbimmo.com\/de\/wp-json\/wp\/v2\/comments?post=267"}],"version-history":[{"count":4,"href":"https:\/\/ctbimmo.com\/de\/wp-json\/wp\/v2\/pages\/267\/revisions"}],"predecessor-version":[{"id":544,"href":"https:\/\/ctbimmo.com\/de\/wp-json\/wp\/v2\/pages\/267\/revisions\/544"}],"up":[{"embeddable":true,"href":"https:\/\/ctbimmo.com\/de\/wp-json\/wp\/v2\/pages\/151"}],"wp:attachment":[{"href":"https:\/\/ctbimmo.com\/de\/wp-json\/wp\/v2\/media?parent=267"}],"curies":[{"name":"wp","href":"https:\/\/api.w.org\/{rel}","templated":true}]}}