{"id":274,"date":"2025-04-19T19:28:58","date_gmt":"2025-04-19T17:28:58","guid":{"rendered":"https:\/\/ctbimmo.com\/faqs\/sejour-et-domiciliation-en-espagne\/"},"modified":"2025-06-03T16:54:57","modified_gmt":"2025-06-03T14:54:57","slug":"sejour-et-domiciliation-en-espagne","status":"publish","type":"page","link":"https:\/\/ctbimmo.com\/de\/faqs\/sejour-et-domiciliation-en-espagne\/","title":{"rendered":"Aufenthalt und Domizilierung in Spanien"},"content":{"rendered":"<p>Im belgischen Konsulat in Alicante erfasste Daten.<\/p>\n<p>Belgier (wie alle anderen EU-B\u00fcrger) haben das Recht, frei in Spanien ein- und auszureisen, sich dort zu bewegen, aufzuhalten und sich niederzulassen. Sie m\u00fcssen jedoch immer im Besitz eines g\u00fcltigen belgischen Personalausweises oder eines belgischen Reisepasses sein.<\/p>\n<h3>Einrichtung<\/h3>\n<p>F\u00fcr einen Aufenthalt von weniger als drei Monaten m\u00fcssen Sie lediglich im Besitz eines g\u00fcltigen belgischen Personalausweises oder eines belgischen Reisepasses sein.<br \/>\nBelgier, die aus beruflichen, sozialen oder wirtschaftlichen Gr\u00fcnden in Spanien t\u00e4tig sind, auch f\u00fcr einen Zeitraum von weniger als drei Monaten, sowie in Belgien wohnhafte Staatsangeh\u00f6rige, die wirtschaftliche Interessen in Spanien haben (Verkauf oder Kauf einer Wohnung, Erbschaften, &#8230;), m\u00fcssen sich ausweisen. Siehe 2. Die N.I.E.<br \/>\nF\u00fcr eine Niederlassung (d. h. einen Aufenthalt von mehr als drei Monaten) m\u00fcssen Sie hingegen andere Formalit\u00e4ten erf\u00fcllen. Siehe 3. Die Bescheinigung \u00fcber die Unionsb\u00fcrgerschaft (Certificate of Unions Citizenship).<\/p>\n<p><span style=\"color: #333333; font-size: 18px;\">1. Immatrikulation bei der Gemeinde (Certificado de Empadronamiento\/ Certificat de Recensement)<\/span><\/p>\n<p>Dieses \u201eCertificado de Empadronamiento\u201c wird bei vielen Gelegenheiten von Ihnen verlangt, z. B. f\u00fcr :<\/p>\n<ul>\n<li>du NIE<\/li>\n<li>Ihre Anmeldung beim Konsulat<\/li>\n<\/ul>\n<p>Der Vorgang ist einfach: Die Anmeldung erfolgt direkt bei der Gemeinde (ayuntamiento) Ihres Stadtteils.<\/p>\n<p>Die einzureichenden Dokumente sind folgende:<\/p>\n<ul>\n<li>Formular, das bei der Gemeinde abgeholt und ausgef\u00fcllt werden muss.-<\/li>\n<li>G\u00fcltiger Reisepass oder Personalausweis f\u00fcr die Familienmitglieder.-<\/li>\n<li>Familienstammbuch-<\/li>\n<li>Wohnsitzbescheinigung (Mietvertrag, Telefonrechnung usw.)<\/li>\n<\/ul>\n<h4>2. Die N.I.E. (N\u00famero de Identificaci\u00f3n de Extranjero\/ Num\u00e9ro d\u2019Identification des Etrangers)<\/h4>\n<p>Die NIE wird beispielsweise f\u00fcr die folgenden Schritte ben\u00f6tigt:<\/p>\n<ul>\n<li>Er\u00f6ffnung eines Bankkontos-<\/li>\n<li>Vertrag f\u00fcr ein Mobiltelefon-<\/li>\n<li>Beantragung einer Kundenkarte-<\/li>\n<li>Anmeldung in einem Sportverein-<\/li>\n<li>Kauf einer Immobilie,&#8230;<\/li>\n<\/ul>\n<p>Die NIE ist obligatorisch<\/p>\n<ol>\n<li>F\u00fcr Belgier, die in Spanien ans\u00e4ssig sind. F\u00fcr das Verfahren f\u00fcr Ans\u00e4ssige, cfr Punkt 3.<\/li>\n<li>Auch Belgier, die aus beruflichen, sozialen oder wirtschaftlichen Gr\u00fcnden f\u00fcr einen Zeitraum von weniger als drei Monaten in Spanien t\u00e4tig sind, sowie in Belgien wohnhafte Staatsangeh\u00f6rige, die wirtschaftliche Interessen in Spanien haben (Verkauf oder Kauf einer Wohnung, Erbschaften,&#8230;), m\u00fcssen sich identifizieren. Sie m\u00fcssen dann den Antrag auf das Certificado de NIE para tr\u00e1mites de no-residentes (NIE-Zertifikat f\u00fcr die Erledigung von Angelegenheiten von Nichtans\u00e4ssigen) ausf\u00fcllen.<\/li>\n<\/ol>\n<p>Sie erhalten ein wei\u00dfes Zertifikat, auf dem Ihr Name und eine pers\u00f6nliche Nummer vermerkt sind. Das Dokument ist drei Monate lang g\u00fcltig.<\/p>\n<p>Der Antrag wird bei der Provinzzentrale des Oficina de Estranjeros oder bei der Polizeidienststelle Ihres Wohnortes gestellt. Folgende Dokumente sind vorzulegen (Originale und Fotokopien):<\/p>\n<ul>\n<li>Formulaire de demande EX-15 \u00e0 retirer aux guichets ou \u00e0 t\u00e9l\u00e9charger du site du Ministerio del Interior : et cochez sous \u00ab certificado \u00bb : \u00ab de no residente \u00bb.<br \/>\nIhr g\u00fcltiger Reisepass oder Personalausweis oder ein Nachweis \u00fcber deren Verl\u00e4ngerung.<\/li>\n<\/ul>\n<p>Sie k\u00f6nnen den Antrag auch durch eine Vertrauensperson vor Ort stellen, die folgende Dokumente vorlegen muss:<\/p>\n<ul>\n<li>Den g\u00fcltigen Reisepass oder Personalausweis des Antragstellers oder eine beglaubigte Fotokopie des Reisepasses oder des Personalausweises (erh\u00e4ltlich bei der Gemeinde in Belgien, nicht beim Konsulat)<\/li>\n<li>Ein Schreiben, in dem der Grund erl\u00e4utert wird, warum der Antragsteller die NIE erhalten m\u00f6chte (z. B. ein Schreiben des Notars, in dem er angibt, dass die Person, f\u00fcr die die NIE beantragt wird, eine Immobilie kaufen\/verkaufen m\u00f6chte usw.).<\/li>\n<\/ul>\n<h4>3. Anmeldebescheinigung als B\u00fcrger der Europ\u00e4ischen Union<\/h4>\n<p>Alle Belgier, die sich l\u00e4nger als drei Monate in Spanien aufhalten, m\u00fcssen sich im Registro de extranjeros eintragen und bei der Oficina de Extranjer\u00eda oder ggf. bei der Polizeistation ein Certificado de Registro de Ciudadano de la Uni\u00f3n (Registrierungszertifikat als Ciudadano der Union) beantragen.<\/p>\n<p>Seit Januar 2012 handelt es sich um eine gr\u00fcne Karte im ID-1-Format (86 mm x 54 mm, vergleichbar mit einer Kreditkarte), auf der der Name, das Geburtsdatum und der Geburtsort, die Staatsangeh\u00f6rigkeit, die Adresse und die pers\u00f6nliche NIE-Nummer des Inhabers angegeben sind. Diese Karte muss immer zusammen mit dem g\u00fcltigen belgischen Personalausweis oder Reisepass vorgelegt werden. Er enth\u00e4lt kein Foto und dient (unter keinen Umst\u00e4nden) als Nachweis der Identit\u00e4t oder Staatsangeh\u00f6rigkeit.<\/p>\n<p>Der Antrag wird bei der Provinzzentrale des Oficina de Estranjeros oder bei der Polizeidienststelle Ihres Wohnortes gestellt. Folgende Dokumente sind vorzulegen (Originale und Fotokopien):<\/p>\n<ul>\n<li>Antragsformular EX-15, das Sie an den Schaltern abholen oder von der Website des Ministerio del Interior herunterladen k\u00f6nnen, und kreuzen Sie unter \u201ecertificado\u201c an: \u201ede no residente\u201c.<\/li>\n<li>Ihren g\u00fcltigen Reisepass oder Personalausweis oder einen Nachweis \u00fcber deren Verl\u00e4ngerung.<\/li>\n<li>F\u00fcr Arbeitnehmer: entweder ein Arbeitsvertrag oder eine Erkl\u00e4rung des Arbeitgebers, dass der Arbeitnehmer bei der Sozialversicherung angemeldet ist.<\/li>\n<li>Selbstst\u00e4ndige: Nachweis der selbstst\u00e4ndigen T\u00e4tigkeit und der Anmeldung bei der Sozialversicherung.<\/li>\n<li>F\u00fcr Personen, die nicht erwerbst\u00e4tig sind (Studierende, Rentner): Nachweis der Krankenversicherung sowie Nachweis ausreichender finanzieller Mittel, um der spanischen Sozialversicherung nicht zur Last zu fallen. Diese Antr\u00e4ge werden von Fall zu Fall gepr\u00fcft.<\/li>\n<\/ul>\n","protected":false},"excerpt":{"rendered":"<p>Im belgischen Konsulat in Alicante erfasste Daten. Belgier (wie alle anderen EU-B\u00fcrger) haben das Recht, frei in Spanien ein- und auszureisen, sich dort zu bewegen, aufzuhalten und sich niederzulassen. Sie m\u00fcssen jedoch immer im Besitz eines g\u00fcltigen belgischen Personalausweises oder eines belgischen Reisepasses sein. Einrichtung F\u00fcr einen Aufenthalt von weniger als drei Monaten m\u00fcssen Sie [&hellip;]<\/p>\n","protected":false},"author":2,"featured_media":0,"parent":151,"menu_order":0,"comment_status":"closed","ping_status":"closed","template":"","meta":{"_et_pb_use_builder":"","_et_pb_old_content":"","_et_gb_content_width":"","footnotes":""},"class_list":["post-274","page","type-page","status-publish","hentry"],"_links":{"self":[{"href":"https:\/\/ctbimmo.com\/de\/wp-json\/wp\/v2\/pages\/274","targetHints":{"allow":["GET"]}}],"collection":[{"href":"https:\/\/ctbimmo.com\/de\/wp-json\/wp\/v2\/pages"}],"about":[{"href":"https:\/\/ctbimmo.com\/de\/wp-json\/wp\/v2\/types\/page"}],"author":[{"embeddable":true,"href":"https:\/\/ctbimmo.com\/de\/wp-json\/wp\/v2\/users\/2"}],"replies":[{"embeddable":true,"href":"https:\/\/ctbimmo.com\/de\/wp-json\/wp\/v2\/comments?post=274"}],"version-history":[{"count":7,"href":"https:\/\/ctbimmo.com\/de\/wp-json\/wp\/v2\/pages\/274\/revisions"}],"predecessor-version":[{"id":1045,"href":"https:\/\/ctbimmo.com\/de\/wp-json\/wp\/v2\/pages\/274\/revisions\/1045"}],"up":[{"embeddable":true,"href":"https:\/\/ctbimmo.com\/de\/wp-json\/wp\/v2\/pages\/151"}],"wp:attachment":[{"href":"https:\/\/ctbimmo.com\/de\/wp-json\/wp\/v2\/media?parent=274"}],"curies":[{"name":"wp","href":"https:\/\/api.w.org\/{rel}","templated":true}]}}