{"id":214,"date":"2025-04-19T19:11:18","date_gmt":"2025-04-19T17:11:18","guid":{"rendered":"https:\/\/ctbimmo.com\/qui-sommes-nous\/"},"modified":"2025-04-21T11:05:30","modified_gmt":"2025-04-21T09:05:30","slug":"wie-wij-zijn","status":"publish","type":"page","link":"https:\/\/ctbimmo.com\/nl\/wie-wij-zijn\/","title":{"rendered":"wie wij zijn ?"},"content":{"rendered":"<p>Mijn carri\u00e8re<\/p>\n<h3>Pierre Depireux<\/h3>\n<p style=\"font-weight: 400;\"><img loading=\"lazy\" decoding=\"async\" class=\"alignnone size-medium wp-image-355\" src=\"https:\/\/ctbimmo.com\/wp-content\/uploads\/2025\/04\/pierre2-225x300.jpg\" alt=\"\" width=\"225\" height=\"300\" srcset=\"https:\/\/ctbimmo.com\/wp-content\/uploads\/2025\/04\/pierre2-225x300.jpg 225w, https:\/\/ctbimmo.com\/wp-content\/uploads\/2025\/04\/pierre2.jpg 266w\" sizes=\"(max-width: 225px) 100vw, 225px\" \/><\/p>\n<p style=\"font-weight: 400;\">Pierre Depireux, vastgoeddeskundige Belgi\u00eb-Spanje<\/p>\n<p style=\"font-weight: 400;\">Op 23-jarige leeftijd trok ik de stoute schoenen aan en verhuisde ik naar Cataloni\u00eb. Belgi\u00eb verlaten voor Spanje was een natuurlijke keuze, die nog vergemakkelijkt werd door het ideale mediterrane klimaat. Gepassioneerd door de bouw, bouwde ik mijn eigen woning en koos ik persoonlijk alle bouwmaterialen en -technieken.Ik bouwde mijn expertise uit door Belgische bedrijven te helpen bij hun expansie op de Spaanse markt. Deze dubbele cultuur stelde me in staat om de klassieke valkuilen te identificeren die Belgische bedrijven tegenkomen als ze Spanje benaderen met hun gebruikelijke methodes.<\/p>\n<p style=\"font-weight: 400;\">Tegelijkertijd leidde mijn passie voor auto&#8217;s ertoe dat ik een bedrijf ontwikkelde dat gespecialiseerd is in het importeren, restaureren en verkopen van klassieke en prestigieuze voertuigen aan een klantenkring van kenners.<\/p>\n<p style=\"font-weight: 400;\">Het keerpunt in de vastgoedsector kwam in 2011, toen een vriend van mij, een projectontwikkelaar en makelaar in Namen, me vroeg om in te spelen op de groeiende vraag van Belgen die ge\u00efnteresseerd waren in de Spaanse kust.<\/p>\n<p style=\"font-weight: 400;\">Na het succes van deze eerste transacties heb ik CTBImmo opgericht, een structuur die zich richt op het adviseren, begeleiden en beheren van onroerend goed in Spanje. Onze filosofie, \u201cVer van jou maar dicht bij mijn ogen\u201d, slaat bijzonder goed aan bij onze internationale klanten. Samen met mijn partner, ongeveer 5 jaar geleden, hebben we een uitgebreid aanbod ontwikkeld dat volledig huurbeheer omvat, transparantie garandeert en de rentabiliteit van uw investering optimaliseert.<\/p>\n<p style=\"font-weight: 400;\">Mijn persoonlijke ervaring getuigt van mijn overtuiging: ik heb deze keuze meer dan 37 jaar geleden gemaakt en ik heb er nooit spijt van gehad. De Spaanse vastgoedmarkt zit vol uitzonderlijke mogelijkheden. Neem vrijblijvend contact met ons op om te ontdekken hoe u uw mediterrane project kunt realiseren.<\/p>\n<p style=\"font-weight: 400;\">Pierre<\/p>\n<p>&nbsp;<\/p>\n","protected":false},"excerpt":{"rendered":"<p>Mijn carri\u00e8re Pierre Depireux Pierre Depireux, vastgoeddeskundige Belgi\u00eb-Spanje Op 23-jarige leeftijd trok ik de stoute schoenen aan en verhuisde ik naar Cataloni\u00eb. Belgi\u00eb verlaten voor Spanje was een natuurlijke keuze, die nog vergemakkelijkt werd door het ideale mediterrane klimaat. Gepassioneerd door de bouw, bouwde ik mijn eigen woning en koos ik persoonlijk alle bouwmaterialen en [&hellip;]<\/p>\n","protected":false},"author":2,"featured_media":0,"parent":0,"menu_order":0,"comment_status":"closed","ping_status":"closed","template":"","meta":{"_et_pb_use_builder":"off","_et_pb_old_content":"<p><strong>Nos parcours en quelques mots...<\/strong><\/p><h3>Pierre Depireux<\/h3><p><img src=\"https:\/\/ctbimmo.com\/images\/Photos_profiles\/pierre2.JPG\" alt=\"pierre2\" width=\"270\" height=\"355\" \/>A 23 ans, je m'expatrie en Catalogne. Plus facile pour un Belge de s'expatrier et de s'adapter \u00e0 l'Espagne que l'inverse... le climat \u00e9tant doux et chaud \u00e0 la fois. Je suis mari\u00e9 \u00e0 une Catalane et nous avons fond\u00e9 une famille ici en Espagne.\u00a0J'ai toujours eu une brique dans le ventre. J'ai b\u00e2ti ma maison seul s\u00e9lectionnant soigneusement ses mat\u00e9riaux et techniques de construction.<\/p><p>Depuis des ann\u00e9es, je conseille et accompagne plusieurs soci\u00e9t\u00e9s belges pour d\u00e9velopper leurs activit\u00e9s sur le march\u00e9 espagnol. En tant que Belge, je connais tr\u00e8s bien les \u00e9cueils du march\u00e9 espagnol et les erreurs des PME qui pensent \"\u00e0 la belge\".<\/p><p>Durant toutes ces ann\u00e9es, j'ai aussi d\u00e9velopp\u00e9 un business \"passion\" : j'ai import\u00e9, restaur\u00e9 et vendu des dizaines de voitures de prestige et des anc\u00eatres pour des collectionneurs avertis.<\/p><p>En 2011, j'ai \u00e9t\u00e9 contact\u00e9 par un ami, actif dans la promotion immobili\u00e8re et g\u00e9rant d'une agence immobili\u00e8re \u00e0 Namur(Belgique), car il avait r\u00e9guli\u00e8rement des demandes de biens immobiliers par des belges friands de la c\u00f4te espagnole.<\/p><p>Fort de plusieurs transactions \u00e0 l'enti\u00e8re satisfaction de ces n\u00e9o acqu\u00e9rants, j'ai fond\u00e9 CTBImmo pour conseiller, accompagner et m\u00eame g\u00e9rer des biens immobiliers d\u00e9tenus par des belges et autres nationalit\u00e9s. Mes services et mon approche \"Loin de vous mais pr\u00e8s de mes yeux\"... plait \u00e9norm\u00e9ment \u00e0 mes clients.<\/p><p>Ce n'est pas moi qu'il faut convaincre pour faire cette d\u00e9marche, je l'ai faite il y a plus de 25 ans mais depuis 2 ans, il y a vraiment de tr\u00e8s belles opportunit\u00e9s immobili\u00e8res....Contactez moi (sans engagement) et je vous le prouverai.<\/p><p>A bient\u00f4t !<\/p><p>Pierre<br \/>Avril 2013<\/p>","_et_gb_content_width":"","footnotes":""},"class_list":["post-214","page","type-page","status-publish","hentry"],"_links":{"self":[{"href":"https:\/\/ctbimmo.com\/nl\/wp-json\/wp\/v2\/pages\/214","targetHints":{"allow":["GET"]}}],"collection":[{"href":"https:\/\/ctbimmo.com\/nl\/wp-json\/wp\/v2\/pages"}],"about":[{"href":"https:\/\/ctbimmo.com\/nl\/wp-json\/wp\/v2\/types\/page"}],"author":[{"embeddable":true,"href":"https:\/\/ctbimmo.com\/nl\/wp-json\/wp\/v2\/users\/2"}],"replies":[{"embeddable":true,"href":"https:\/\/ctbimmo.com\/nl\/wp-json\/wp\/v2\/comments?post=214"}],"version-history":[{"count":5,"href":"https:\/\/ctbimmo.com\/nl\/wp-json\/wp\/v2\/pages\/214\/revisions"}],"predecessor-version":[{"id":364,"href":"https:\/\/ctbimmo.com\/nl\/wp-json\/wp\/v2\/pages\/214\/revisions\/364"}],"wp:attachment":[{"href":"https:\/\/ctbimmo.com\/nl\/wp-json\/wp\/v2\/media?parent=214"}],"curies":[{"name":"wp","href":"https:\/\/api.w.org\/{rel}","templated":true}]}}