{"id":230,"date":"2025-04-19T19:14:58","date_gmt":"2025-04-19T17:14:58","guid":{"rendered":"https:\/\/ctbimmo.com\/nous-contacter\/"},"modified":"2025-06-21T21:32:51","modified_gmt":"2025-06-21T19:32:51","slug":"nous-contacter","status":"publish","type":"page","link":"https:\/\/ctbimmo.com\/nl\/nous-contacter\/","title":{"rendered":"Nous contacter"},"content":{"rendered":"<p>[et_pb_section fb_built=&#8221;1&#8243; _builder_version=&#8221;4.27.4&#8243; _module_preset=&#8221;default&#8221; global_colors_info=&#8221;{}&#8221;][et_pb_row column_structure=&#8221;1_3,1_3,1_3&#8243; _builder_version=&#8221;4.27.4&#8243; _module_preset=&#8221;default&#8221; global_colors_info=&#8221;{}&#8221;][et_pb_column type=&#8221;1_3&#8243; _builder_version=&#8221;4.27.4&#8243; _module_preset=&#8221;default&#8221; global_colors_info=&#8221;{}&#8221;][et_pb_text _builder_version=&#8221;4.27.4&#8243; _module_preset=&#8221;default&#8221; hover_enabled=&#8221;0&#8243; global_colors_info=&#8221;{}&#8221; sticky_enabled=&#8221;0&#8243;]<\/p>\n<h4>Nos partenaires en Belgique<\/h4>\n<h4 class=\"clearfix\">Pour la r\u00e9gion Li\u00e8ge<\/h4>\n<h5><span>L<\/span><span lang=\"ES-TRAD\">\u2019immobili\u00e8re de Marneffe, srl<\/span><b><span lang=\"ES-TRAD\"><o:p><\/o:p><\/span><\/b><\/h5>\n<p><span>Chauss\u00e9e de Tirlemont 15 Bo\u00eete 1<br \/>\n4260 Braives<o:p><\/o:p><\/span><\/p>\n<p><span class=\"color-primary\"><span>T\u00e9l\u00e9phone :<\/span><\/span><span class=\"apple-converted-space\"><span>\u00a0<\/span><\/span><span><a href=\"tel:0192077020500\">019 770 500<span class=\"apple-converted-space\">\u00a0<\/span><\/a><o:p><\/o:p><\/span><\/p>\n<p><span><a href=\"mailto:info@immodemarneffe.be\">info@immodemarneffe.be<\/a><\/span><\/p>\n<p class=\"clearfix\">\n<h4 class=\"clearfix\">Pour la r\u00e9gion de Namur, Brabant Wallon<\/h4>\n<h5>VIRIDIS\u00a0 Immobili\u00e8re<\/h5>\n<p>Chauss\u00e9e de Tirlemont, 90<br \/>\n5030 Gembloux<br \/>\n081\/600.111[\/et_pb_text][\/et_pb_column][et_pb_column type=&#8221;1_3&#8243; _builder_version=&#8221;4.27.4&#8243; _module_preset=&#8221;default&#8221; global_colors_info=&#8221;{}&#8221;][et_pb_text _builder_version=&#8221;4.27.4&#8243; _module_preset=&#8221;default&#8221; global_colors_info=&#8221;{}&#8221;]<\/p>\n<h4><\/h4>\n<h4><\/h4>\n<h4><\/h4>\n<h4>Pour la r\u00e9gion de Tournai et Mouscron<\/h4>\n<h5>ABRimmo\u00a0<\/h5>\n<p>Jean-Michel Reheul<br \/>rue Jean Lefebvre 19 bis<br \/>7730 Estaimpuis<br \/>T\u00e9l 056\/48.00.98 Fax 056\/34.00.69<br \/><span id=\"cloak5847b5ef28a7dbfe019fd9712b37d3a0\"><a href=\"mailto:reheul-jm@cogeppa.be\">reheul-jm@cogeppa.be<\/a><\/span><\/p>\n<h5>BIXESTATE<\/h5>\n<p>Saskia Desmet<br \/>Wevelgemstraat, 118<br \/>8930 Lauwe<br \/>T\u00e9l 056\/40.25.41<br \/><span id=\"cloaka57c1b2d763500c52ff5594cb5d4b7b6\"><a href=\"mailto:saskia@bixestate.be\">saskia@bixestate.be<\/a><\/span><\/p>\n<p>Pour la r\u00e9gion\u00a0Sud-Luxembourg et Centre-Ardenne<\/p>\n<h5>IMMO3F<\/h5>\n<p>Rue d&#8217;Arlon 188A, B-6780 MESSANCY<br \/>063\/222.800<\/p>\n<p><span id=\"cloak7a70868833d1616dcc440981d62d90e3\"><a href=\"mailto:info@immo3f.be\">info@immo3f.be<\/a><\/span><\/p>\n<p>Rue de la Gare 71, B-688 BERTRIX<br \/>061\/41.40.00<br \/><span id=\"cloak41039423539b171d1d2fffe8ef25c333\"><a href=\"mailto:bertrix@immo3f.be\">bertrix@immo3f.be<\/a><\/span><\/p>\n<p>[\/et_pb_text][\/et_pb_column][et_pb_column type=&#8221;1_3&#8243; _builder_version=&#8221;4.27.4&#8243; _module_preset=&#8221;default&#8221; background_color=&#8221;rgba(13,175,229,0.18)&#8221; global_colors_info=&#8221;{}&#8221;][et_pb_text _builder_version=&#8221;4.27.4&#8243; _module_preset=&#8221;default&#8221; background_color=&#8221;RGBA(255,255,255,0)&#8221; custom_padding=&#8221;20px|20px|20px|20px|true|true&#8221; global_colors_info=&#8221;{}&#8221;]<\/p>\n<h4>CTBImmo en Espagne<\/h4>\n<p><strong>Si\u00e8ge social:<\/strong><br \/>08459 Sant Antoni de Vilamajor (Barcelona)<br \/>Bureau :<br \/>03189 Orihuela Costa (Alicante)<\/p>\n<p>GSM\/ Portable : (+34) 670 387 199 et (+32) 475.557.730<br \/>E-mail: info@ctbimmo.com<br \/>Site internet: www.ctbimmo.com<\/p>\n<p>[\/et_pb_text][\/et_pb_column][\/et_pb_row][\/et_pb_section]<\/p>\n","protected":false},"excerpt":{"rendered":"<p>Nos partenaires en Belgique Pour la r\u00e9gion Li\u00e8ge L\u2019immobili\u00e8re de Marneffe, srl Chauss\u00e9e de Tirlemont 15 Bo\u00eete 1 4260 Braives T\u00e9l\u00e9phone :\u00a0019 770 500\u00a0 info@immodemarneffe.be Pour la r\u00e9gion de Namur, Brabant Wallon VIRIDIS\u00a0 Immobili\u00e8re Chauss\u00e9e de Tirlemont, 90 5030 Gembloux 081\/600.111 Pour la r\u00e9gion de Tournai et Mouscron ABRimmo\u00a0 Jean-Michel Reheulrue Jean Lefebvre 19 bis7730 [&hellip;]<\/p>\n","protected":false},"author":2,"featured_media":0,"parent":0,"menu_order":0,"comment_status":"closed","ping_status":"closed","template":"","meta":{"_et_pb_use_builder":"on","_et_pb_old_content":"","_et_gb_content_width":"","footnotes":""},"class_list":["post-230","page","type-page","status-publish","hentry"],"_links":{"self":[{"href":"https:\/\/ctbimmo.com\/nl\/wp-json\/wp\/v2\/pages\/230","targetHints":{"allow":["GET"]}}],"collection":[{"href":"https:\/\/ctbimmo.com\/nl\/wp-json\/wp\/v2\/pages"}],"about":[{"href":"https:\/\/ctbimmo.com\/nl\/wp-json\/wp\/v2\/types\/page"}],"author":[{"embeddable":true,"href":"https:\/\/ctbimmo.com\/nl\/wp-json\/wp\/v2\/users\/2"}],"replies":[{"embeddable":true,"href":"https:\/\/ctbimmo.com\/nl\/wp-json\/wp\/v2\/comments?post=230"}],"version-history":[{"count":6,"href":"https:\/\/ctbimmo.com\/nl\/wp-json\/wp\/v2\/pages\/230\/revisions"}],"predecessor-version":[{"id":1442,"href":"https:\/\/ctbimmo.com\/nl\/wp-json\/wp\/v2\/pages\/230\/revisions\/1442"}],"wp:attachment":[{"href":"https:\/\/ctbimmo.com\/nl\/wp-json\/wp\/v2\/media?parent=230"}],"curies":[{"name":"wp","href":"https:\/\/api.w.org\/{rel}","templated":true}]}}